{"id":823,"date":"2022-01-02T14:22:10","date_gmt":"2022-01-02T19:22:10","guid":{"rendered":"https:\/\/goodfitt.ca\/services\/"},"modified":"2024-11-21T17:31:57","modified_gmt":"2024-11-21T22:31:57","slug":"services","status":"publish","type":"page","link":"https:\/\/goodfitt.ca\/fr\/services\/","title":{"rendered":"Services"},"content":{"rendered":"[mk_page_section bg_image=&#8221;https:\/\/goodfitt.ca\/wp-content\/uploads\/2022\/02\/services-02.jpg&#8221; bg_position=&#8221;center center&#8221; bg_repeat=&#8221;no-repeat&#8221; bg_stretch=&#8221;true&#8221; enable_3d=&#8221;true&#8221; bg_gradient=&#8221;vertical&#8221; video_color_mask=&#8221;#fda631&#8243; gr_end=&#8221;#101010&#8243; video_opacity=&#8221;0.7&#8243; min_height=&#8221;650&#8243; js_vertical_centered=&#8221;true&#8221; padding_top=&#8221;50&#8243; padding_bottom=&#8221;50&#8243; margin_bottom=&#8221;60&#8243; sidebar=&#8221;sidebar-1&#8243;][vc_column][mk_fancy_title color=&#8221;#ffffff&#8221; size=&#8221;100&#8243; force_font_size=&#8221;true&#8221; size_phone=&#8221;60&#8243; line_height=&#8221;90&#8243; font_weight=&#8221;bold&#8221; txt_transform=&#8221;uppercase&#8221; margin_bottom=&#8221;0&#8243; font_family=&#8221;none&#8221; align=&#8221;center&#8221;]SERVICES[\/mk_fancy_title][\/vc_column][\/mk_page_section][mk_page_section bg_color=&#8221;#ffffff&#8221; bg_repeat=&#8221;no-repeat&#8221; min_height=&#8221;0&#8243; js_vertical_centered=&#8221;true&#8221; padding_top=&#8221;70&#8243; padding_bottom=&#8221;90&#8243; sidebar=&#8221;sidebar-1&#8243;][vc_column][vc_video link=&#8221;https:\/\/youtu.be\/3efXAopc6JE&#8221;][mk_padding_divider][vc_column_text disable_pattern=&#8221;false&#8221; css=&#8221;.vc_custom_1732227880249{margin-bottom: 0px !important;}&#8221;]La route vers la victoire commence par un processus !<\/p>\n<p>Ce processus d\u00e9bute par une consultation initiale o\u00f9 nous aurons l\u2019occasion de discuter de vos objectifs, d\u2019\u00e9tablir votre \u201cpourquoi\u201d (c\u2019est-\u00e0-dire la base qui soutient vos objectifs) et d\u2019examiner d\u2019autres d\u00e9tails essentiels pour bien d\u00e9marrer.<\/p>\n<p>Une \u00e9valuation suit, au cours de laquelle, gr\u00e2ce \u00e0 notre mesure statistique en trois \u00e9tapes \u2013 balance \u00e0 bio-imp\u00e9dance, mesures au compas et test avec ruban de mesure Covert-Bailey \u2013 ainsi qu\u2019un test de condition physique de base en neuf (9) exercices, nous \u00e9tablissons votre point de d\u00e9part physique.<\/p>\n<p>En tenant compte de vos objectifs de mise en forme et des r\u00e9sultats de l\u2019\u00e9valuation, nous concevrons un programme adapt\u00e9 \u00e0 vos besoins, en traitant vos faiblesses, en renfor\u00e7ant vos forces et en am\u00e9liorant les zones o\u00f9 l\u2019instabilit\u00e9 peut \u00eatre un facteur. L\u2019objectif est simple : sortir de votre zone de confort gr\u00e2ce \u00e0 diverses m\u00e9thodes d\u2019entra\u00eenement pour obtenir des r\u00e9sultats qui vont au-del\u00e0 des chiffres sur la balance.<\/p>\n<p>Des espaces ad\u00e9quats sont pr\u00e9vus, \u00e0 l\u2019int\u00e9rieur comme \u00e0 l\u2019ext\u00e9rieur (selon la m\u00e9t\u00e9o).<\/p>\n<p>Trop timide pour vous entra\u00eener seul\u202f? Amenez un ami ou un membre de votre famille et profitez de l\u2019option de vous entra\u00eener \u00e0 deux.<\/p>\n<p>Les s\u00e9ances durent 30, 45 ou 60 minutes, avec un \u00e9chauffement et un retour au calme appropri\u00e9s inclus. Nous apportons le travail \u2013 vous apportez l\u2019EFFORT.<\/p>\n<p>Ensemble, nous cr\u00e9ons la r\u00e9ussite\u202f![\/vc_column_text][\/vc_column][\/mk_page_section][mk_page_section bg_color=&#8221;#ffffff&#8221; bg_repeat=&#8221;no-repeat&#8221; min_height=&#8221;0&#8243; js_vertical_centered=&#8221;true&#8221; padding_top=&#8221;70&#8243; padding_bottom=&#8221;90&#8243; sidebar=&#8221;sidebar-1&#8243;][vc_column width=&#8221;1\/3&#8243;][mk_fancy_title tag_name=&#8221;h3&#8243; color=&#8221;#101010&#8243; size=&#8221;30&#8243; font_weight=&#8221;bold&#8221; txt_transform=&#8221;uppercase&#8221; margin_bottom=&#8221;0&#8243; font_family=&#8221;none&#8221; responsive_align=&#8221;left&#8221;]Tous les Programmes Incluent :[\/mk_fancy_title][vc_column_text disable_pattern=&#8221;false&#8221; css=&#8221;.vc_custom_1732228008325{margin-bottom: 0px !important;}&#8221;]\n<ul>\n<li>Plan d\u2019Entra\u00eenement (programme de 4 \u00e0 6 semaines par phase)<\/li>\n<li>Plan Nutritionnel (lignes directrices pour manger efficacement)<\/li>\n<li>Analyse de Composition Corporelle, incluant des photos de progression (tous les 6 semaines)<\/li>\n<li>Suivi avec le Coach<\/li>\n<\/ul>\n[\/vc_column_text][\/vc_column][vc_column width=&#8221;2\/3&#8243;][mk_image src=&#8221;https:\/\/goodfitt.ca\/wp-content\/uploads\/2022\/02\/services-01.jpg&#8221; image_size=&#8221;full&#8221; align=&#8221;center&#8221; margin_bottom=&#8221;0&#8243;][\/vc_column][\/mk_page_section][mk_page_section bg_color=&#8221;#ffffff&#8221; bg_repeat=&#8221;no-repeat&#8221; min_height=&#8221;0&#8243; js_vertical_centered=&#8221;true&#8221; padding_top=&#8221;70&#8243; padding_bottom=&#8221;90&#8243; sidebar=&#8221;sidebar-1&#8243;][vc_column][mk_fancy_title tag_name=&#8221;h3&#8243; color=&#8221;#101010&#8243; size=&#8221;30&#8243; font_weight=&#8221;bold&#8221; txt_transform=&#8221;uppercase&#8221; margin_bottom=&#8221;0&#8243; font_family=&#8221;none&#8221; responsive_align=&#8221;left&#8221;]FAQs[\/mk_fancy_title][vc_column_text disable_pattern=&#8221;false&#8221; css=&#8221;.vc_custom_1732228300160{margin-bottom: 0px !important;}&#8221;]<strong>Je n&#8217;ai jamais eu de coach auparavant. \u00c0 quoi devrais-je m&#8217;attendre ?<\/strong><\/p>\n<p>Attendez-vous \u00e0 sortir de votre zone de confort\u202f! Avec plus de 12 ans d\u2019exp\u00e9rience en entra\u00eenement, nous savons nous adapter \u00e0 tous les niveaux \u2013 du d\u00e9butant \u00e0 l\u2019avanc\u00e9. Chez GoodFITT, nous nous concentrons sur une progression et une am\u00e9lioration planifi\u00e9es par p\u00e9riodes. D\u2019o\u00f9 l\u2019importance de la consultation et de l\u2019\u00e9valuation initiales \u2013 pour \u00e9tablir un point de d\u00e9part, travailler dans le cadre des capacit\u00e9s du client et progresser \u00e0 mesure que sa force, son endurance et sa stabilit\u00e9 s\u2019am\u00e9liorent. Attendez-vous \u00e0 ce qu\u2019on vous pose des questions, et pr\u00e9parez les v\u00f4tres \u00e9galement\u202f!<\/p>\n<p><strong>La derni\u00e8re fois que j\u2019ai eu un coach, je n\u2019ai pas atteint mes objectifs et cela m\u2019a d\u00e9courag\u00e9. Comment \u00eatre s\u00fbr que cette exp\u00e9rience sera diff\u00e9rente ?<\/strong><\/p>\n<p>La d\u00e9finition d\u2019objectifs est une composante essentielle de notre programme. Nous prenons donc le temps d\u2019\u00e9couter ce que vous souhaitez accomplir pour travailler \u00e0 partir de l\u00e0. Bien s\u00fbr, vos objectifs doivent \u00eatre sp\u00e9cifiques, atteignables et r\u00e9alistes. Parfois, les clients ont tendance \u00e0 se fixer des \u00ab\u202fdates cibles\u202f\u00bb trop courtes ou ne consid\u00e8rent pas que les circonstances de leur vie peuvent \u00e9voluer, modifiant ainsi leurs objectifs. Nous garantissons de vous fournir les outils et l\u2019\u00e9nergie n\u00e9cessaires pour r\u00e9ussir, pendant et apr\u00e8s vos s\u00e9ances. Cependant, l\u2019\u00e9nergie et l\u2019effort que vous investissez d\u00e9pendront de vous\u202f!<\/p>\n<p><strong>Que se passe-t-il si moi ou mon partenaire ne pouvons pas assister \u00e0 une s\u00e9ance pr\u00e9vue ? Perdrons-nous cette s\u00e9ance ?<\/strong><\/p>\n<p>Pas du tout\u202f! Nous comprenons que les horaires peuvent changer rapidement ou que d\u2019autres circonstances peuvent intervenir. Tout ce que nous demandons, c\u2019est un pr\u00e9avis afin d\u2019avoir le temps n\u00e9cessaire pour ajuster l\u2019horaire ou reprogrammer la s\u00e9ance \u00e0 un moment ult\u00e9rieur ou un autre jour. Si vous ou votre partenaire pouvez toujours vous pr\u00e9senter, la s\u00e9ance se poursuivra comme pr\u00e9vu, mais la dur\u00e9e pourrait \u00eatre ajust\u00e9e.<\/p>\n<p><strong>Le programme que vous cr\u00e9ez pour moi \u2013 puis-je le faire \u00e0 la maison, au bureau ou lorsque je suis en d\u00e9placement ?<\/strong><\/p>\n<p>Bien s\u00fbr\u202f! Nous rendons les programmes polyvalents pour s\u2019adapter \u00e0 votre environnement d\u2019entra\u00eenement. M\u00eame si vous n\u2019avez pas acc\u00e8s \u00e0 des poids, une version au poids du corps peut \u00eatre propos\u00e9e. Nous sugg\u00e9rons l\u2019achat d\u2019\u00e9quipements de voyage tels que des bandes de r\u00e9sistance ou une corde \u00e0 sauter que vous pourrez utiliser \u00e0 la maison ou en d\u00e9placement, pour ne pas interrompre votre programme\u202f![\/vc_column_text][\/vc_column][\/mk_page_section]\n","protected":false},"excerpt":{"rendered":"<p>[mk_page_section bg_image=&#8221;https:\/\/goodfitt.ca\/wp-content\/uploads\/2022\/02\/services-02.jpg&#8221; bg_position=&#8221;center center&#8221; bg_repeat=&#8221;no-repeat&#8221; bg_stretch=&#8221;true&#8221; enable_3d=&#8221;true&#8221; bg_gradient=&#8221;vertical&#8221; video_color_mask=&#8221;#fda631&#8243; gr_end=&#8221;#101010&#8243; video_opacity=&#8221;0.7&#8243; min_height=&#8221;650&#8243; js_vertical_centered=&#8221;true&#8221; padding_top=&#8221;50&#8243; padding_bottom=&#8221;50&#8243; margin_bottom=&#8221;60&#8243; sidebar=&#8221;sidebar-1&#8243;][vc_column][mk_fancy_title color=&#8221;#ffffff&#8221; size=&#8221;100&#8243; force_font_size=&#8221;true&#8221; size_phone=&#8221;60&#8243; line_height=&#8221;90&#8243; font_weight=&#8221;bold&#8221; txt_transform=&#8221;uppercase&#8221; margin_bottom=&#8221;0&#8243; font_family=&#8221;none&#8221; align=&#8221;center&#8221;]SERVICES[\/mk_fancy_title][\/vc_column][\/mk_page_section][mk_page_section bg_color=&#8221;#ffffff&#8221; bg_repeat=&#8221;no-repeat&#8221; min_height=&#8221;0&#8243; js_vertical_centered=&#8221;true&#8221; padding_top=&#8221;70&#8243; padding_bottom=&#8221;90&#8243; sidebar=&#8221;sidebar-1&#8243;][vc_column][vc_video link=&#8221;https:\/\/youtu.be\/3efXAopc6JE&#8221;][mk_padding_divider][vc_column_text disable_pattern=&#8221;false&#8221; css=&#8221;.vc_custom_1732227880249{margin-bottom: 0px !important;}&#8221;]La route vers la victoire commence par un processus ! Ce processus d\u00e9bute par une consultation initiale [&hellip;]<\/p>\n","protected":false},"author":1,"featured_media":0,"parent":0,"menu_order":0,"comment_status":"closed","ping_status":"closed","template":"","meta":{"footnotes":""},"class_list":["post-823","page","type-page","status-publish","hentry"],"yoast_head":"<!-- This site is optimized with the Yoast SEO plugin v27.2 - https:\/\/yoast.com\/product\/yoast-seo-wordpress\/ -->\n<title>Services - GoodFITT<\/title>\n<meta name=\"robots\" content=\"index, follow, max-snippet:-1, max-image-preview:large, max-video-preview:-1\" \/>\n<link rel=\"canonical\" href=\"https:\/\/goodfitt.ca\/fr\/services\/\" \/>\n<meta property=\"og:locale\" content=\"fr_FR\" \/>\n<meta property=\"og:type\" content=\"article\" \/>\n<meta property=\"og:title\" content=\"Services - GoodFITT\" \/>\n<meta property=\"og:description\" content=\"[mk_page_section bg_image=&#8221;https:\/\/goodfitt.ca\/wp-content\/uploads\/2022\/02\/services-02.jpg&#8221; bg_position=&#8221;center center&#8221; bg_repeat=&#8221;no-repeat&#8221; bg_stretch=&#8221;true&#8221; enable_3d=&#8221;true&#8221; bg_gradient=&#8221;vertical&#8221; video_color_mask=&#8221;#fda631&#8243; gr_end=&#8221;#101010&#8243; video_opacity=&#8221;0.7&#8243; min_height=&#8221;650&#8243; js_vertical_centered=&#8221;true&#8221; padding_top=&#8221;50&#8243; padding_bottom=&#8221;50&#8243; margin_bottom=&#8221;60&#8243; sidebar=&#8221;sidebar-1&#8243;][vc_column][mk_fancy_title color=&#8221;#ffffff&#8221; size=&#8221;100&#8243; force_font_size=&#8221;true&#8221; size_phone=&#8221;60&#8243; line_height=&#8221;90&#8243; font_weight=&#8221;bold&#8221; txt_transform=&#8221;uppercase&#8221; margin_bottom=&#8221;0&#8243; font_family=&#8221;none&#8221; align=&#8221;center&#8221;]SERVICES[\/mk_fancy_title][\/vc_column][\/mk_page_section][mk_page_section bg_color=&#8221;#ffffff&#8221; bg_repeat=&#8221;no-repeat&#8221; min_height=&#8221;0&#8243; js_vertical_centered=&#8221;true&#8221; padding_top=&#8221;70&#8243; padding_bottom=&#8221;90&#8243; sidebar=&#8221;sidebar-1&#8243;][vc_column][vc_video link=&#8221;https:\/\/youtu.be\/3efXAopc6JE&#8221;][mk_padding_divider][vc_column_text disable_pattern=&#8221;false&#8221; css=&#8221;.vc_custom_1732227880249{margin-bottom: 0px !important;}&#8221;]La route vers la victoire commence par un processus ! Ce processus d\u00e9bute par une consultation initiale [&hellip;]\" \/>\n<meta property=\"og:url\" content=\"https:\/\/goodfitt.ca\/fr\/services\/\" \/>\n<meta property=\"og:site_name\" content=\"GoodFITT\" \/>\n<meta property=\"article:modified_time\" content=\"2024-11-21T22:31:57+00:00\" \/>\n<meta name=\"twitter:card\" content=\"summary_large_image\" \/>\n<meta name=\"twitter:label1\" content=\"Est. reading time\" \/>\n\t<meta name=\"twitter:data1\" content=\"5 minutes\" \/>\n<script type=\"application\/ld+json\" class=\"yoast-schema-graph\">{\"@context\":\"https:\/\/schema.org\",\"@graph\":[{\"@type\":\"WebPage\",\"@id\":\"https:\/\/goodfitt.ca\/fr\/services\/\",\"url\":\"https:\/\/goodfitt.ca\/fr\/services\/\",\"name\":\"Services - GoodFITT\",\"isPartOf\":{\"@id\":\"https:\/\/goodfitt.ca\/fr\/#website\"},\"datePublished\":\"2022-01-02T19:22:10+00:00\",\"dateModified\":\"2024-11-21T22:31:57+00:00\",\"breadcrumb\":{\"@id\":\"https:\/\/goodfitt.ca\/fr\/services\/#breadcrumb\"},\"inLanguage\":\"fr-FR\",\"potentialAction\":[{\"@type\":\"ReadAction\",\"target\":[\"https:\/\/goodfitt.ca\/fr\/services\/\"]}]},{\"@type\":\"BreadcrumbList\",\"@id\":\"https:\/\/goodfitt.ca\/fr\/services\/#breadcrumb\",\"itemListElement\":[{\"@type\":\"ListItem\",\"position\":1,\"name\":\"Home\",\"item\":\"https:\/\/goodfitt.ca\/fr\/\"},{\"@type\":\"ListItem\",\"position\":2,\"name\":\"Services\"}]},{\"@type\":\"WebSite\",\"@id\":\"https:\/\/goodfitt.ca\/fr\/#website\",\"url\":\"https:\/\/goodfitt.ca\/fr\/\",\"name\":\"GoodFITT\",\"description\":\"Personal Training &amp; Wellness Services\",\"potentialAction\":[{\"@type\":\"SearchAction\",\"target\":{\"@type\":\"EntryPoint\",\"urlTemplate\":\"https:\/\/goodfitt.ca\/fr\/?s={search_term_string}\"},\"query-input\":{\"@type\":\"PropertyValueSpecification\",\"valueRequired\":true,\"valueName\":\"search_term_string\"}}],\"inLanguage\":\"fr-FR\"}]}<\/script>\n<!-- \/ Yoast SEO plugin. -->","yoast_head_json":{"title":"Services - GoodFITT","robots":{"index":"index","follow":"follow","max-snippet":"max-snippet:-1","max-image-preview":"max-image-preview:large","max-video-preview":"max-video-preview:-1"},"canonical":"https:\/\/goodfitt.ca\/fr\/services\/","og_locale":"fr_FR","og_type":"article","og_title":"Services - GoodFITT","og_description":"[mk_page_section bg_image=&#8221;https:\/\/goodfitt.ca\/wp-content\/uploads\/2022\/02\/services-02.jpg&#8221; bg_position=&#8221;center center&#8221; bg_repeat=&#8221;no-repeat&#8221; bg_stretch=&#8221;true&#8221; enable_3d=&#8221;true&#8221; bg_gradient=&#8221;vertical&#8221; video_color_mask=&#8221;#fda631&#8243; gr_end=&#8221;#101010&#8243; video_opacity=&#8221;0.7&#8243; min_height=&#8221;650&#8243; js_vertical_centered=&#8221;true&#8221; padding_top=&#8221;50&#8243; padding_bottom=&#8221;50&#8243; margin_bottom=&#8221;60&#8243; sidebar=&#8221;sidebar-1&#8243;][vc_column][mk_fancy_title color=&#8221;#ffffff&#8221; size=&#8221;100&#8243; force_font_size=&#8221;true&#8221; size_phone=&#8221;60&#8243; line_height=&#8221;90&#8243; font_weight=&#8221;bold&#8221; txt_transform=&#8221;uppercase&#8221; margin_bottom=&#8221;0&#8243; font_family=&#8221;none&#8221; align=&#8221;center&#8221;]SERVICES[\/mk_fancy_title][\/vc_column][\/mk_page_section][mk_page_section bg_color=&#8221;#ffffff&#8221; bg_repeat=&#8221;no-repeat&#8221; min_height=&#8221;0&#8243; js_vertical_centered=&#8221;true&#8221; padding_top=&#8221;70&#8243; padding_bottom=&#8221;90&#8243; sidebar=&#8221;sidebar-1&#8243;][vc_column][vc_video link=&#8221;https:\/\/youtu.be\/3efXAopc6JE&#8221;][mk_padding_divider][vc_column_text disable_pattern=&#8221;false&#8221; css=&#8221;.vc_custom_1732227880249{margin-bottom: 0px !important;}&#8221;]La route vers la victoire commence par un processus ! Ce processus d\u00e9bute par une consultation initiale [&hellip;]","og_url":"https:\/\/goodfitt.ca\/fr\/services\/","og_site_name":"GoodFITT","article_modified_time":"2024-11-21T22:31:57+00:00","twitter_card":"summary_large_image","twitter_misc":{"Est. reading time":"5 minutes"},"schema":{"@context":"https:\/\/schema.org","@graph":[{"@type":"WebPage","@id":"https:\/\/goodfitt.ca\/fr\/services\/","url":"https:\/\/goodfitt.ca\/fr\/services\/","name":"Services - GoodFITT","isPartOf":{"@id":"https:\/\/goodfitt.ca\/fr\/#website"},"datePublished":"2022-01-02T19:22:10+00:00","dateModified":"2024-11-21T22:31:57+00:00","breadcrumb":{"@id":"https:\/\/goodfitt.ca\/fr\/services\/#breadcrumb"},"inLanguage":"fr-FR","potentialAction":[{"@type":"ReadAction","target":["https:\/\/goodfitt.ca\/fr\/services\/"]}]},{"@type":"BreadcrumbList","@id":"https:\/\/goodfitt.ca\/fr\/services\/#breadcrumb","itemListElement":[{"@type":"ListItem","position":1,"name":"Home","item":"https:\/\/goodfitt.ca\/fr\/"},{"@type":"ListItem","position":2,"name":"Services"}]},{"@type":"WebSite","@id":"https:\/\/goodfitt.ca\/fr\/#website","url":"https:\/\/goodfitt.ca\/fr\/","name":"GoodFITT","description":"Personal Training &amp; Wellness Services","potentialAction":[{"@type":"SearchAction","target":{"@type":"EntryPoint","urlTemplate":"https:\/\/goodfitt.ca\/fr\/?s={search_term_string}"},"query-input":{"@type":"PropertyValueSpecification","valueRequired":true,"valueName":"search_term_string"}}],"inLanguage":"fr-FR"}]}},"_links":{"self":[{"href":"https:\/\/goodfitt.ca\/fr\/wp-json\/wp\/v2\/pages\/823","targetHints":{"allow":["GET"]}}],"collection":[{"href":"https:\/\/goodfitt.ca\/fr\/wp-json\/wp\/v2\/pages"}],"about":[{"href":"https:\/\/goodfitt.ca\/fr\/wp-json\/wp\/v2\/types\/page"}],"author":[{"embeddable":true,"href":"https:\/\/goodfitt.ca\/fr\/wp-json\/wp\/v2\/users\/1"}],"replies":[{"embeddable":true,"href":"https:\/\/goodfitt.ca\/fr\/wp-json\/wp\/v2\/comments?post=823"}],"version-history":[{"count":2,"href":"https:\/\/goodfitt.ca\/fr\/wp-json\/wp\/v2\/pages\/823\/revisions"}],"predecessor-version":[{"id":825,"href":"https:\/\/goodfitt.ca\/fr\/wp-json\/wp\/v2\/pages\/823\/revisions\/825"}],"wp:attachment":[{"href":"https:\/\/goodfitt.ca\/fr\/wp-json\/wp\/v2\/media?parent=823"}],"curies":[{"name":"wp","href":"https:\/\/api.w.org\/{rel}","templated":true}]}}