{"id":816,"date":"2020-08-20T11:20:11","date_gmt":"2020-08-20T15:20:11","guid":{"rendered":"https:\/\/goodfitt.ca\/?page_id=816"},"modified":"2024-11-21T17:04:08","modified_gmt":"2024-11-21T22:04:08","slug":"a-propos-de-nous","status":"publish","type":"page","link":"https:\/\/goodfitt.ca\/fr\/a-propos-de-nous\/","title":{"rendered":"\u00c0 Propos de Nous"},"content":{"rendered":"[mk_page_section bg_image=&#8221;https:\/\/goodfitt.ca\/wp-content\/uploads\/2020\/08\/ourmission.jpg&#8221; bg_position=&#8221;center center&#8221; bg_repeat=&#8221;no-repeat&#8221; bg_stretch=&#8221;true&#8221; enable_3d=&#8221;true&#8221; bg_gradient=&#8221;vertical&#8221; video_color_mask=&#8221;#fda631&#8243; gr_end=&#8221;#101010&#8243; video_opacity=&#8221;0.7&#8243; min_height=&#8221;650&#8243; js_vertical_centered=&#8221;true&#8221; padding_top=&#8221;50&#8243; padding_bottom=&#8221;50&#8243; margin_bottom=&#8221;60&#8243; sidebar=&#8221;sidebar-1&#8243;][vc_column][mk_fancy_title color=&#8221;#ffffff&#8221; size=&#8221;100&#8243; force_font_size=&#8221;true&#8221; size_phone=&#8221;60&#8243; line_height=&#8221;90&#8243; font_weight=&#8221;bold&#8221; txt_transform=&#8221;uppercase&#8221; margin_bottom=&#8221;0&#8243; font_family=&#8221;none&#8221; align=&#8221;center&#8221;]\u00c0 PROPOS DE <span style=\"color: #fda631 !important;\">NOUS<\/span>[\/mk_fancy_title][\/vc_column][\/mk_page_section][mk_page_section bg_color=&#8221;#ffffff&#8221; bg_repeat=&#8221;no-repeat&#8221; min_height=&#8221;0&#8243; js_vertical_centered=&#8221;true&#8221; padding_top=&#8221;70&#8243; padding_bottom=&#8221;90&#8243; sidebar=&#8221;sidebar-1&#8243;][vc_column][mk_fancy_title tag_name=&#8221;h3&#8243; color=&#8221;#101010&#8243; size=&#8221;30&#8243; font_weight=&#8221;bold&#8221; txt_transform=&#8221;uppercase&#8221; margin_bottom=&#8221;0&#8243; font_family=&#8221;none&#8221; responsive_align=&#8221;left&#8221;]Qui Nous Sommes[\/mk_fancy_title][vc_column_text disable_pattern=&#8221;false&#8221; css=&#8221;.vc_custom_1732226211633{margin-bottom: 0px !important;}&#8221;]GoodFITT Personal Training &amp; Wellness est bas\u00e9 dans l\u2019Ouest-de-l\u2019\u00cele de Montr\u00e9al, au Qu\u00e9bec, offrant des services en personne et en ligne \u00e0 la communaut\u00e9.<\/p>\n<p><strong>Fr\u00e9quence :<\/strong> nombre de s\u00e9ances par semaine\u202f; nombre de r\u00e9p\u00e9titions ou de s\u00e9ries<br \/>\n<strong>Intensit\u00e9 :<\/strong> niveau de d\u00e9fi\/difficult\u00e9\/tempo<br \/>\n<strong>Temps :<\/strong> dur\u00e9e de la s\u00e9ance d\u2019entra\u00eenement ou du repos<br \/>\n<strong>Type :<\/strong> \u00e9quipement\/m\u00e9thode d\u2019entra\u00eenement utilis\u00e9(e) et ex\u00e9cut\u00e9(e)<\/p>\n<p>La combinaison de ces quatre \u00e9l\u00e9ments concr\u00e9tise notre mission\u202f: aider nos clients \u00e0 r\u00e9ussir en atteignant leurs objectifs de sant\u00e9 et de mise en forme, tout en les guidant vers un mode de vie heureux et sain, de la mani\u00e8re la plus s\u00e9curitaire possible, quel que soit leur \u00e2ge ou leur niveau d\u2019exp\u00e9rience sportive\u202f!<\/p>\n<p>Nous nous engageons \u00e0 satisfaire et \u00e0 solliciter vos syst\u00e8mes musculo-squelettique et cardiovasculaire gr\u00e2ce \u00e0 diverses m\u00e9thodes d\u2019exercice (compos\u00e9es et isol\u00e9es). En compl\u00e9ment de l\u2019exercice, nous offrons des conseils nutritionnels, des lignes directrices, et des programmes adapt\u00e9s pour vous motiver et vous inciter \u00e0 passer \u00e0 l\u2019action, ainsi que des strat\u00e9gies de gestion du stress \u2013 la combinaison id\u00e9ale pour garantir le succ\u00e8s en mati\u00e8re de forme physique et de bien-\u00eatre\u202f![\/vc_column_text][\/vc_column][\/mk_page_section][mk_page_section bg_color=&#8221;#ffffff&#8221; bg_repeat=&#8221;no-repeat&#8221; min_height=&#8221;0&#8243; js_vertical_centered=&#8221;true&#8221; padding_top=&#8221;70&#8243; padding_bottom=&#8221;90&#8243; sidebar=&#8221;sidebar-1&#8243;][vc_column width=&#8221;1\/3&#8243;][mk_fancy_title tag_name=&#8221;h3&#8243; color=&#8221;#101010&#8243; size=&#8221;30&#8243; font_weight=&#8221;bold&#8221; txt_transform=&#8221;uppercase&#8221; margin_bottom=&#8221;0&#8243; font_family=&#8221;none&#8221; responsive_align=&#8221;left&#8221;]Pourquoi Choisir GoodFITT?[\/mk_fancy_title][vc_column_text disable_pattern=&#8221;false&#8221; css=&#8221;.vc_custom_1732226548990{margin-bottom: 0px !important;}&#8221;]Le bon \u00e9tat d\u2019esprit, le manque de motivation et la difficult\u00e9 \u00e0 d\u00e9velopper et maintenir des habitudes saines ne sont qu\u2019un aper\u00e7u des d\u00e9fis qui peuvent se mettre entre vous et vos objectifs. Croyez-nous \u2013 nous sommes pass\u00e9s par l\u00e0 et nous comprenons parfaitement\u202f!<\/p>\n<p>Notre objectif est simple\u202f: vous aider \u00e0 atteindre votre potentiel et au-del\u00e0, en \u00e9laborant un plan d\u2019action qui frappe fort \u00e0 court terme tout en offrant des r\u00e9sultats durables \u00e0 long terme, dans un environnement propice \u00e0 votre r\u00e9ussite.[\/vc_column_text][\/vc_column][vc_column width=&#8221;2\/3&#8243;][mk_image src=&#8221;https:\/\/goodfitt.ca\/wp-content\/uploads\/2022\/01\/about-us-02.jpg&#8221; image_size=&#8221;full&#8221; align=&#8221;center&#8221; margin_bottom=&#8221;0&#8243;][\/vc_column][\/mk_page_section][mk_page_section bg_color=&#8221;#ffffff&#8221; bg_repeat=&#8221;no-repeat&#8221; min_height=&#8221;0&#8243; js_vertical_centered=&#8221;true&#8221; padding_top=&#8221;70&#8243; padding_bottom=&#8221;90&#8243; sidebar=&#8221;sidebar-1&#8243;][vc_column width=&#8221;2\/3&#8243;][mk_image src=&#8221;https:\/\/goodfitt.ca\/wp-content\/uploads\/2022\/01\/about-us-03.jpg&#8221; image_size=&#8221;full&#8221; align=&#8221;center&#8221; margin_bottom=&#8221;0&#8243;][\/vc_column][vc_column width=&#8221;1\/3&#8243;][mk_fancy_title tag_name=&#8221;h3&#8243; color=&#8221;#101010&#8243; size=&#8221;30&#8243; font_weight=&#8221;bold&#8221; txt_transform=&#8221;uppercase&#8221; margin_bottom=&#8221;0&#8243; font_family=&#8221;none&#8221; responsive_align=&#8221;left&#8221;]Votre rythme<br \/>\nVotre temps[\/mk_fancy_title][vc_column_text disable_pattern=&#8221;false&#8221; css=&#8221;.vc_custom_1732226568345{margin-bottom: 0px !important;}&#8221;]Que votre objectif soit de monter un escalier sans perdre votre souffle, de rentrer \u00e0 nouveau dans ce jean que vous adorez, de participer \u00e0 une course de 5 km, d\u2019\u00e9tablir une routine r\u00e9guli\u00e8re d\u2019activit\u00e9 ou de trouver un soulagement face aux stress et anxi\u00e9t\u00e9s quotidiens, nous sommes l\u00e0 pour vous aider si vous \u00eates pr\u00eat \u00e0 vous investir.<\/p>\n<p>Vous n\u2019avez pas \u00e0 \u00eatre seul sur le chemin vers un mode de vie actif et sain\u202f! Nous sommes \u00e0 vos c\u00f4t\u00e9s et vous accompagnerons \u00e0 chaque \u00e9tape. M\u00eame lorsque les progr\u00e8s semblent lents, ne cessez jamais d\u2019avancer\u202f![\/vc_column_text][\/vc_column][\/mk_page_section][mk_page_section bg_color=&#8221;#ffffff&#8221; bg_repeat=&#8221;no-repeat&#8221; min_height=&#8221;0&#8243; js_vertical_centered=&#8221;true&#8221; padding_top=&#8221;70&#8243; padding_bottom=&#8221;90&#8243; sidebar=&#8221;sidebar-1&#8243;][vc_column width=&#8221;1\/3&#8243;][mk_fancy_title tag_name=&#8221;h3&#8243; color=&#8221;#101010&#8243; size=&#8221;30&#8243; font_weight=&#8221;bold&#8221; txt_transform=&#8221;uppercase&#8221; margin_bottom=&#8221;0&#8243; font_family=&#8221;none&#8221; responsive_align=&#8221;left&#8221;]Ce Que Nous Faisons[\/mk_fancy_title][vc_column_text disable_pattern=&#8221;false&#8221; css=&#8221;.vc_custom_1732226625749{margin-bottom: 0px !important;}&#8221;]Bien plus qu\u2019un entra\u00eenement classique\u202f!<\/p>\n<ul>\n<li>Des programmes d\u2019entra\u00eenement amusants et \u00e9nergiques, personnalis\u00e9s selon vos objectifs de condition physique et de nutrition<\/li>\n<li>Des s\u00e9ances d\u2019entra\u00eenement flexibles \u2013 30, 45 ou 60 minutes \u2013 le matin, l\u2019apr\u00e8s-midi, le soir et le week-end (selon disponibilit\u00e9)<\/li>\n<li>Planification et conseils en nutrition \u2013 pour vous aider \u00e0 faire de meilleurs choix et obtenir des r\u00e9sultats efficaces<\/li>\n<li>Entra\u00eenements semi-priv\u00e9s et en petits groupes fixes \u2013 trouvez un partenaire ou rassemblez des amis, de la famille ou des coll\u00e8gues pour transpirer ensemble\u202f!<\/li>\n<li>Rapports de progression incluant des \u00e9valuations de composition corporelle et de condition physique pour mettre en \u00e9vidence vos am\u00e9liorations et tester votre forme, ce qui nous aidera \u00e0 identifier vos forces et vos faiblesses<\/li>\n<\/ul>\n[\/vc_column_text][\/vc_column][vc_column width=&#8221;2\/3&#8243;][mk_image src=&#8221;https:\/\/goodfitt.ca\/wp-content\/uploads\/2022\/01\/about-us-04.jpg&#8221; image_size=&#8221;full&#8221; align=&#8221;center&#8221; margin_bottom=&#8221;0&#8243;][\/vc_column][\/mk_page_section][mk_page_section bg_color=&#8221;#ffffff&#8221; bg_repeat=&#8221;no-repeat&#8221; min_height=&#8221;0&#8243; js_vertical_centered=&#8221;true&#8221; padding_top=&#8221;70&#8243; padding_bottom=&#8221;90&#8243; sidebar=&#8221;sidebar-1&#8243;][vc_column width=&#8221;2\/3&#8243;][mk_image src=&#8221;https:\/\/goodfitt.ca\/wp-content\/uploads\/2022\/01\/about-us-05.jpg&#8221; image_size=&#8221;full&#8221; align=&#8221;center&#8221; margin_bottom=&#8221;0&#8243;][\/vc_column][vc_column width=&#8221;1\/3&#8243;][mk_fancy_title tag_name=&#8221;h3&#8243; color=&#8221;#101010&#8243; size=&#8221;30&#8243; font_weight=&#8221;bold&#8221; txt_transform=&#8221;uppercase&#8221; margin_bottom=&#8221;0&#8243; font_family=&#8221;none&#8221; responsive_align=&#8221;left&#8221;]Toujours en Avant, Jamais en Arri\u00e8re[\/mk_fancy_title][vc_column_text disable_pattern=&#8221;false&#8221; css=&#8221;.vc_custom_1732226646324{margin-bottom: 0px !important;}&#8221;]La coh\u00e9rence est la cl\u00e9 qui vous met dans la meilleure position pour r\u00e9ussir. M\u00eame les jours o\u00f9 vous \u00eates \u00e0 mi-vitesse ou quand ralentir est n\u00e9cessaire, engagez-vous \u00e0 \u00eatre constant en vous pr\u00e9sentant et en donnant le meilleur de vous-m\u00eame o\u00f9 et quand vous le pouvez.<\/p>\n<p>Nous nous soucions de votre condition physique, mentale et physique, de vos progr\u00e8s, et surtout, nous nous soucions de VOUS\u202f![\/vc_column_text][\/vc_column][\/mk_page_section]\n","protected":false},"excerpt":{"rendered":"<p>[mk_page_section bg_image=&#8221;https:\/\/goodfitt.ca\/wp-content\/uploads\/2020\/08\/ourmission.jpg&#8221; bg_position=&#8221;center center&#8221; bg_repeat=&#8221;no-repeat&#8221; bg_stretch=&#8221;true&#8221; enable_3d=&#8221;true&#8221; bg_gradient=&#8221;vertical&#8221; video_color_mask=&#8221;#fda631&#8243; gr_end=&#8221;#101010&#8243; video_opacity=&#8221;0.7&#8243; min_height=&#8221;650&#8243; js_vertical_centered=&#8221;true&#8221; padding_top=&#8221;50&#8243; padding_bottom=&#8221;50&#8243; margin_bottom=&#8221;60&#8243; sidebar=&#8221;sidebar-1&#8243;][vc_column][mk_fancy_title color=&#8221;#ffffff&#8221; size=&#8221;100&#8243; force_font_size=&#8221;true&#8221; size_phone=&#8221;60&#8243; line_height=&#8221;90&#8243; font_weight=&#8221;bold&#8221; txt_transform=&#8221;uppercase&#8221; margin_bottom=&#8221;0&#8243; font_family=&#8221;none&#8221; align=&#8221;center&#8221;]\u00c0 PROPOS DE NOUS[\/mk_fancy_title][\/vc_column][\/mk_page_section][mk_page_section bg_color=&#8221;#ffffff&#8221; bg_repeat=&#8221;no-repeat&#8221; min_height=&#8221;0&#8243; js_vertical_centered=&#8221;true&#8221; padding_top=&#8221;70&#8243; padding_bottom=&#8221;90&#8243; sidebar=&#8221;sidebar-1&#8243;][vc_column][mk_fancy_title tag_name=&#8221;h3&#8243; color=&#8221;#101010&#8243; size=&#8221;30&#8243; font_weight=&#8221;bold&#8221; txt_transform=&#8221;uppercase&#8221; margin_bottom=&#8221;0&#8243; font_family=&#8221;none&#8221; responsive_align=&#8221;left&#8221;]Qui Nous Sommes[\/mk_fancy_title][vc_column_text disable_pattern=&#8221;false&#8221; css=&#8221;.vc_custom_1732226211633{margin-bottom: 0px !important;}&#8221;]GoodFITT Personal Training &amp; Wellness [&hellip;]<\/p>\n","protected":false},"author":1,"featured_media":0,"parent":0,"menu_order":0,"comment_status":"closed","ping_status":"closed","template":"","meta":{"footnotes":""},"class_list":["post-816","page","type-page","status-publish","hentry"],"yoast_head":"<!-- This site is optimized with the Yoast SEO plugin v27.2 - https:\/\/yoast.com\/product\/yoast-seo-wordpress\/ -->\n<title>\u00c0 Propos de Nous - GoodFITT<\/title>\n<meta name=\"robots\" content=\"index, follow, max-snippet:-1, max-image-preview:large, max-video-preview:-1\" \/>\n<link rel=\"canonical\" href=\"https:\/\/goodfitt.ca\/fr\/a-propos-de-nous\/\" \/>\n<meta property=\"og:locale\" content=\"fr_FR\" \/>\n<meta property=\"og:type\" content=\"article\" \/>\n<meta property=\"og:title\" content=\"\u00c0 Propos de Nous - GoodFITT\" \/>\n<meta property=\"og:description\" content=\"[mk_page_section bg_image=&#8221;https:\/\/goodfitt.ca\/wp-content\/uploads\/2020\/08\/ourmission.jpg&#8221; bg_position=&#8221;center center&#8221; bg_repeat=&#8221;no-repeat&#8221; bg_stretch=&#8221;true&#8221; enable_3d=&#8221;true&#8221; bg_gradient=&#8221;vertical&#8221; video_color_mask=&#8221;#fda631&#8243; gr_end=&#8221;#101010&#8243; video_opacity=&#8221;0.7&#8243; min_height=&#8221;650&#8243; js_vertical_centered=&#8221;true&#8221; padding_top=&#8221;50&#8243; padding_bottom=&#8221;50&#8243; margin_bottom=&#8221;60&#8243; sidebar=&#8221;sidebar-1&#8243;][vc_column][mk_fancy_title color=&#8221;#ffffff&#8221; size=&#8221;100&#8243; force_font_size=&#8221;true&#8221; size_phone=&#8221;60&#8243; line_height=&#8221;90&#8243; font_weight=&#8221;bold&#8221; txt_transform=&#8221;uppercase&#8221; margin_bottom=&#8221;0&#8243; font_family=&#8221;none&#8221; align=&#8221;center&#8221;]\u00c0 PROPOS DE NOUS[\/mk_fancy_title][\/vc_column][\/mk_page_section][mk_page_section bg_color=&#8221;#ffffff&#8221; bg_repeat=&#8221;no-repeat&#8221; min_height=&#8221;0&#8243; js_vertical_centered=&#8221;true&#8221; padding_top=&#8221;70&#8243; padding_bottom=&#8221;90&#8243; sidebar=&#8221;sidebar-1&#8243;][vc_column][mk_fancy_title tag_name=&#8221;h3&#8243; color=&#8221;#101010&#8243; size=&#8221;30&#8243; font_weight=&#8221;bold&#8221; txt_transform=&#8221;uppercase&#8221; margin_bottom=&#8221;0&#8243; font_family=&#8221;none&#8221; responsive_align=&#8221;left&#8221;]Qui Nous Sommes[\/mk_fancy_title][vc_column_text disable_pattern=&#8221;false&#8221; css=&#8221;.vc_custom_1732226211633{margin-bottom: 0px !important;}&#8221;]GoodFITT Personal Training &amp; Wellness [&hellip;]\" \/>\n<meta property=\"og:url\" content=\"https:\/\/goodfitt.ca\/fr\/a-propos-de-nous\/\" \/>\n<meta property=\"og:site_name\" content=\"GoodFITT\" \/>\n<meta property=\"article:modified_time\" content=\"2024-11-21T22:04:08+00:00\" \/>\n<meta name=\"twitter:card\" content=\"summary_large_image\" \/>\n<meta name=\"twitter:label1\" content=\"Est. reading time\" \/>\n\t<meta name=\"twitter:data1\" content=\"6 minutes\" \/>\n<script type=\"application\/ld+json\" class=\"yoast-schema-graph\">{\"@context\":\"https:\/\/schema.org\",\"@graph\":[{\"@type\":\"WebPage\",\"@id\":\"https:\/\/goodfitt.ca\/fr\/a-propos-de-nous\/\",\"url\":\"https:\/\/goodfitt.ca\/fr\/a-propos-de-nous\/\",\"name\":\"\u00c0 Propos de Nous - GoodFITT\",\"isPartOf\":{\"@id\":\"https:\/\/goodfitt.ca\/fr\/#website\"},\"datePublished\":\"2020-08-20T15:20:11+00:00\",\"dateModified\":\"2024-11-21T22:04:08+00:00\",\"breadcrumb\":{\"@id\":\"https:\/\/goodfitt.ca\/fr\/a-propos-de-nous\/#breadcrumb\"},\"inLanguage\":\"fr-FR\",\"potentialAction\":[{\"@type\":\"ReadAction\",\"target\":[\"https:\/\/goodfitt.ca\/fr\/a-propos-de-nous\/\"]}]},{\"@type\":\"BreadcrumbList\",\"@id\":\"https:\/\/goodfitt.ca\/fr\/a-propos-de-nous\/#breadcrumb\",\"itemListElement\":[{\"@type\":\"ListItem\",\"position\":1,\"name\":\"Home\",\"item\":\"https:\/\/goodfitt.ca\/fr\/\"},{\"@type\":\"ListItem\",\"position\":2,\"name\":\"\u00c0 Propos de Nous\"}]},{\"@type\":\"WebSite\",\"@id\":\"https:\/\/goodfitt.ca\/fr\/#website\",\"url\":\"https:\/\/goodfitt.ca\/fr\/\",\"name\":\"GoodFITT\",\"description\":\"Personal Training &amp; Wellness Services\",\"potentialAction\":[{\"@type\":\"SearchAction\",\"target\":{\"@type\":\"EntryPoint\",\"urlTemplate\":\"https:\/\/goodfitt.ca\/fr\/?s={search_term_string}\"},\"query-input\":{\"@type\":\"PropertyValueSpecification\",\"valueRequired\":true,\"valueName\":\"search_term_string\"}}],\"inLanguage\":\"fr-FR\"}]}<\/script>\n<!-- \/ Yoast SEO plugin. -->","yoast_head_json":{"title":"\u00c0 Propos de Nous - GoodFITT","robots":{"index":"index","follow":"follow","max-snippet":"max-snippet:-1","max-image-preview":"max-image-preview:large","max-video-preview":"max-video-preview:-1"},"canonical":"https:\/\/goodfitt.ca\/fr\/a-propos-de-nous\/","og_locale":"fr_FR","og_type":"article","og_title":"\u00c0 Propos de Nous - GoodFITT","og_description":"[mk_page_section bg_image=&#8221;https:\/\/goodfitt.ca\/wp-content\/uploads\/2020\/08\/ourmission.jpg&#8221; bg_position=&#8221;center center&#8221; bg_repeat=&#8221;no-repeat&#8221; bg_stretch=&#8221;true&#8221; enable_3d=&#8221;true&#8221; bg_gradient=&#8221;vertical&#8221; video_color_mask=&#8221;#fda631&#8243; gr_end=&#8221;#101010&#8243; video_opacity=&#8221;0.7&#8243; min_height=&#8221;650&#8243; js_vertical_centered=&#8221;true&#8221; padding_top=&#8221;50&#8243; padding_bottom=&#8221;50&#8243; margin_bottom=&#8221;60&#8243; sidebar=&#8221;sidebar-1&#8243;][vc_column][mk_fancy_title color=&#8221;#ffffff&#8221; size=&#8221;100&#8243; force_font_size=&#8221;true&#8221; size_phone=&#8221;60&#8243; line_height=&#8221;90&#8243; font_weight=&#8221;bold&#8221; txt_transform=&#8221;uppercase&#8221; margin_bottom=&#8221;0&#8243; font_family=&#8221;none&#8221; align=&#8221;center&#8221;]\u00c0 PROPOS DE NOUS[\/mk_fancy_title][\/vc_column][\/mk_page_section][mk_page_section bg_color=&#8221;#ffffff&#8221; bg_repeat=&#8221;no-repeat&#8221; min_height=&#8221;0&#8243; js_vertical_centered=&#8221;true&#8221; padding_top=&#8221;70&#8243; padding_bottom=&#8221;90&#8243; sidebar=&#8221;sidebar-1&#8243;][vc_column][mk_fancy_title tag_name=&#8221;h3&#8243; color=&#8221;#101010&#8243; size=&#8221;30&#8243; font_weight=&#8221;bold&#8221; txt_transform=&#8221;uppercase&#8221; margin_bottom=&#8221;0&#8243; font_family=&#8221;none&#8221; responsive_align=&#8221;left&#8221;]Qui Nous Sommes[\/mk_fancy_title][vc_column_text disable_pattern=&#8221;false&#8221; css=&#8221;.vc_custom_1732226211633{margin-bottom: 0px !important;}&#8221;]GoodFITT Personal Training &amp; Wellness [&hellip;]","og_url":"https:\/\/goodfitt.ca\/fr\/a-propos-de-nous\/","og_site_name":"GoodFITT","article_modified_time":"2024-11-21T22:04:08+00:00","twitter_card":"summary_large_image","twitter_misc":{"Est. reading time":"6 minutes"},"schema":{"@context":"https:\/\/schema.org","@graph":[{"@type":"WebPage","@id":"https:\/\/goodfitt.ca\/fr\/a-propos-de-nous\/","url":"https:\/\/goodfitt.ca\/fr\/a-propos-de-nous\/","name":"\u00c0 Propos de Nous - GoodFITT","isPartOf":{"@id":"https:\/\/goodfitt.ca\/fr\/#website"},"datePublished":"2020-08-20T15:20:11+00:00","dateModified":"2024-11-21T22:04:08+00:00","breadcrumb":{"@id":"https:\/\/goodfitt.ca\/fr\/a-propos-de-nous\/#breadcrumb"},"inLanguage":"fr-FR","potentialAction":[{"@type":"ReadAction","target":["https:\/\/goodfitt.ca\/fr\/a-propos-de-nous\/"]}]},{"@type":"BreadcrumbList","@id":"https:\/\/goodfitt.ca\/fr\/a-propos-de-nous\/#breadcrumb","itemListElement":[{"@type":"ListItem","position":1,"name":"Home","item":"https:\/\/goodfitt.ca\/fr\/"},{"@type":"ListItem","position":2,"name":"\u00c0 Propos de Nous"}]},{"@type":"WebSite","@id":"https:\/\/goodfitt.ca\/fr\/#website","url":"https:\/\/goodfitt.ca\/fr\/","name":"GoodFITT","description":"Personal Training &amp; Wellness Services","potentialAction":[{"@type":"SearchAction","target":{"@type":"EntryPoint","urlTemplate":"https:\/\/goodfitt.ca\/fr\/?s={search_term_string}"},"query-input":{"@type":"PropertyValueSpecification","valueRequired":true,"valueName":"search_term_string"}}],"inLanguage":"fr-FR"}]}},"_links":{"self":[{"href":"https:\/\/goodfitt.ca\/fr\/wp-json\/wp\/v2\/pages\/816","targetHints":{"allow":["GET"]}}],"collection":[{"href":"https:\/\/goodfitt.ca\/fr\/wp-json\/wp\/v2\/pages"}],"about":[{"href":"https:\/\/goodfitt.ca\/fr\/wp-json\/wp\/v2\/types\/page"}],"author":[{"embeddable":true,"href":"https:\/\/goodfitt.ca\/fr\/wp-json\/wp\/v2\/users\/1"}],"replies":[{"embeddable":true,"href":"https:\/\/goodfitt.ca\/fr\/wp-json\/wp\/v2\/comments?post=816"}],"version-history":[{"count":3,"href":"https:\/\/goodfitt.ca\/fr\/wp-json\/wp\/v2\/pages\/816\/revisions"}],"predecessor-version":[{"id":819,"href":"https:\/\/goodfitt.ca\/fr\/wp-json\/wp\/v2\/pages\/816\/revisions\/819"}],"wp:attachment":[{"href":"https:\/\/goodfitt.ca\/fr\/wp-json\/wp\/v2\/media?parent=816"}],"curies":[{"name":"wp","href":"https:\/\/api.w.org\/{rel}","templated":true}]}}