{"id":811,"date":"2019-10-01T15:50:07","date_gmt":"2019-10-01T19:50:07","guid":{"rendered":"https:\/\/goodfitt.ca\/home\/"},"modified":"2024-11-21T10:27:58","modified_gmt":"2024-11-21T15:27:58","slug":"home","status":"publish","type":"page","link":"https:\/\/goodfitt.ca\/fr\/","title":{"rendered":"Accueil"},"content":{"rendered":"<div class=\"wpb-content-wrapper\">[mk_page_section bg_image=&#8221;https:\/\/goodfitt.ca\/wp-content\/uploads\/2022\/01\/section-home.jpg&#8221; bg_position=&#8221;center center&#8221; bg_repeat=&#8221;no-repeat&#8221; bg_stretch=&#8221;true&#8221; enable_3d=&#8221;true&#8221; bg_gradient=&#8221;vertical&#8221; video_color_mask=&#8221;#fda631&#8243; gr_end=&#8221;#101010&#8243; video_opacity=&#8221;0.7&#8243; min_height=&#8221;658&#8243; js_vertical_centered=&#8221;true&#8221; padding_top=&#8221;50&#8243; padding_bottom=&#8221;50&#8243; margin_bottom=&#8221;60&#8243; sidebar=&#8221;sidebar-1&#8243;][vc_column][mk_fancy_title color=&#8221;#ffffff&#8221; size=&#8221;100&#8243; force_font_size=&#8221;true&#8221; size_phone=&#8221;60&#8243; line_height=&#8221;90&#8243; font_weight=&#8221;bold&#8221; txt_transform=&#8221;uppercase&#8221; margin_bottom=&#8221;0&#8243; font_family=&#8221;none&#8221; align=&#8221;center&#8221;]LE CHANGEMENT COMMENCE ET SE TERMINE AVEC <span style=\"color: #fda631 !important;\">VOUS<\/span>[\/mk_fancy_title][mk_button dimension=&#8221;flat&#8221; corner_style=&#8221;full_rounded&#8221; size=&#8221;large&#8221; url=&#8221;#&#8221; align=&#8221;center&#8221; margin_right=&#8221;0&#8243; bg_color=&#8221;#fda631&#8243; btn_hover_bg=&#8221;#ffffff&#8221; btn_hover_txt_color=&#8221;#0a0a0a&#8221;]EN SAVOIR PLUS[\/mk_button][\/vc_column][\/mk_page_section][vc_row][vc_column][mk_fancy_title color=&#8221;#101010&#8243; size=&#8221;48&#8243; font_weight=&#8221;bold&#8221; txt_transform=&#8221;uppercase&#8221; margin_bottom=&#8221;0&#8243; font_family=&#8221;none&#8221; align=&#8221;center&#8221; responsive_align=&#8221;left&#8221;]Bienvenue chez Goodfitt entra\u00eenement personnel et services de bien-\u00eatre ![\/mk_fancy_title][vc_column_text disable_pattern=&#8221;false&#8221; css=&#8221;.vc_custom_1732202520019{margin-bottom: 0px !important;}&#8221;]Engag\u00e9s \u00e0 promouvoir la sant\u00e9 et le bien-\u00eatre dans la communaut\u00e9 et dans le monde entier, nous sommes ici pour vous motiver \u00e0 bouger, \u00e0 am\u00e9liorer votre niveau d\u2019entra\u00eenement et \u00e0 vous inspirer \u00e0 changer \u2013 un pas, une r\u00e9p\u00e9tition et une respiration \u00e0 la fois.<\/p>\n<p>Votre capacit\u00e9 \u00e0 atteindre vos objectifs et \u00e0 r\u00e9aliser vos ambitions d\u00e9pend de votre volont\u00e9 de vous adapter et de relever les d\u00e9fis \u00e0 venir \u2013 car il y en aura beaucoup ![\/vc_column_text][vc_column_text disable_pattern=&#8221;false&#8221; css=&#8221;.vc_custom_1732202535895{margin-bottom: 0px !important;}&#8221;]En travaillant avec nous, vous d\u00e9couvrirez les avantages de montrer l&#8217;exemple tout en vous appuyant sur l&#8217;\u00e9nergie, l&#8217;encouragement et l&#8217;autonomisation offerts par nos entra\u00eeneurs, qui r\u00e9v\u00e9leront votre potentiel et vous guideront vers une v\u00e9ritable croissance et un succ\u00e8s, tant sur le plan mental, physique que spirituel.<\/p>\n<p>Nous vous montrons tout ce dont vous \u00eates capable et vous poussons encore plus loin pour prouver ce que nous savions depuis le d\u00e9but \u2013 vous \u00eates plus fort que vous ne le pensez et avez la capacit\u00e9 de progresser au-del\u00e0 de vos attentes.[\/vc_column_text][\/vc_column][\/vc_row][mk_page_section bg_color=&#8221;#ffffff&#8221; bg_repeat=&#8221;no-repeat&#8221; min_height=&#8221;0&#8243; js_vertical_centered=&#8221;true&#8221; padding_top=&#8221;70&#8243; padding_bottom=&#8221;90&#8243; sidebar=&#8221;sidebar-1&#8243;][vc_column width=&#8221;2\/3&#8243;][mk_image src=&#8221;https:\/\/goodfitt.ca\/wp-content\/uploads\/2022\/01\/about-us-01.jpg&#8221; image_size=&#8221;full&#8221; align=&#8221;center&#8221; margin_bottom=&#8221;-50&#8243;][\/vc_column][vc_column width=&#8221;1\/3&#8243;][mk_fancy_title tag_name=&#8221;h3&#8243; color=&#8221;#101010&#8243; size=&#8221;30&#8243; font_weight=&#8221;bold&#8221; txt_transform=&#8221;uppercase&#8221; margin_bottom=&#8221;0&#8243; font_family=&#8221;none&#8221; responsive_align=&#8221;left&#8221;]Int\u00e9ress\u00e9 par l&#8217;entra\u00eenement ?[\/mk_fancy_title][vc_column_text disable_pattern=&#8221;false&#8221; css=&#8221;.vc_custom_1732202649696{margin-bottom: 0px !important;}&#8221;]Que vous souhaitiez vous entra\u00eener en solo, avec un ami ou profiter de l&#8217;ambiance d&#8217;un groupe, nous avons ce qu&#8217;il vous faut \u00e0 un tarif raisonnable et flexible. En plus, votre premi\u00e8re s\u00e9ance est offerte ! Compl\u00e9tez le formulaire de profil en ligne ci-dessous et commen\u00e7ons d\u00e8s maintenant ![\/vc_column_text][mk_button_gradient dimension=&#8221;flat&#8221; size=&#8221;medium&#8221; corner_style=&#8221;full_rounded&#8221; grandient_color_from=&#8221;#fda631&#8243; grandient_color_to=&#8221;#fda631&#8243; grandient_color_fallback=&#8221;#fda631&#8243; url=&#8221;#&#8221; button_custom_width=&#8221;200&#8243; margin_top=&#8221;20&#8243; margin_bottom=&#8221;30&#8243; margin_right=&#8221;0&#8243;]EN SAVOIR PLUS[\/mk_button_gradient][\/vc_column][\/mk_page_section][mk_page_section bg_image=&#8221;https:\/\/goodfitt.ca\/wp-content\/uploads\/2020\/07\/video-section.jpg&#8221; bg_position=&#8221;center center&#8221; bg_repeat=&#8221;no-repeat&#8221; bg_stretch=&#8221;true&#8221; bg_gradient=&#8221;vertical&#8221; video_color_mask=&#8221;#fda631&#8243; gr_end=&#8221;#101010&#8243; video_opacity=&#8221;0.7&#8243; min_height=&#8221;658&#8243; js_vertical_centered=&#8221;true&#8221; padding_top=&#8221;50&#8243; padding_bottom=&#8221;50&#8243; margin_bottom=&#8221;60&#8243; sidebar=&#8221;sidebar-1&#8243;][vc_column][mk_testimonials title=&#8221;Testimonials&#8221; skin=&#8221;light&#8221; text_color=&#8221;#ffffff&#8221; author_color=&#8221;#ffffff&#8221; skill_color=&#8221;#ffffff&#8221;][\/vc_column][\/mk_page_section][vc_row fullwidth=&#8221;true&#8221; fullwidth_content=&#8221;false&#8221; equal_columns=&#8221;true&#8221; css=&#8221;.vc_custom_1594490382043{margin-top: -40px !important;}&#8221;][vc_column][mk_padding_divider size=&#8221;50&#8243;][mk_fancy_title color=&#8221;#101010&#8243; size=&#8221;48&#8243; font_weight=&#8221;bold&#8221; txt_transform=&#8221;uppercase&#8221; margin_bottom=&#8221;0&#8243; font_family=&#8221;none&#8221; align=&#8221;center&#8221; responsive_align=&#8221;left&#8221;]EFFORT X TRAVAIL[\/mk_fancy_title][mk_fancy_title color=&#8221;#101010&#8243; size=&#8221;24&#8243; font_weight=&#8221;bold&#8221; txt_transform=&#8221;uppercase&#8221; margin_bottom=&#8221;0&#8243; font_family=&#8221;none&#8221; align=&#8221;center&#8221; responsive_align=&#8221;left&#8221;]UNE PARTIE DE L\u2019\u00c9QUATION POUR ATTEINDRE VOS OBJECTIFS FITNESS[\/mk_fancy_title][vc_column_text disable_pattern=&#8221;false&#8221; align=&#8221;center&#8221; css=&#8221;.vc_custom_1732202801585{margin-bottom: 0px !important;}&#8221;]Effort x Travail est un mantra qui incarne l\u2019\u00e9tat d\u2019esprit que nous avons adopt\u00e9 pour aider nos clients \u00e0 r\u00e9ussir. Nous faisons face \u00e0 des obstacles et des d\u00e9fis au quotidien, mais leur impact est souvent amplifi\u00e9 lorsqu\u2019un objectif est en jeu. Le doute s\u2019installe, la peur \u00e9merge, et ce qui semblait \u00eatre du \u201clightwork\u201d devient soudainement bien plus lourd.<\/p>\n<p>\u201cTravail\u201d signifie fournir les efforts n\u00e9cessaires pour atteindre, d\u00e9passer et r\u00e9aliser vos objectifs. Cela signifie rester engag\u00e9, concentr\u00e9, et pr\u00eat \u00e0 travailler dur, m\u00eame lorsque les chances ne sont pas en votre faveur. Les clients les plus performants ont transform\u00e9 leurs d\u00e9fis en motivations pour changer. Vous le pouvez aussi, et nous sommes l\u00e0 pour vous aider \u00e0 y parvenir.<\/p>\n<p>Vous rencontrerez des ralentissements et des erreurs sur votre parcours, mais souvenez-vous :<\/p>\n<p>Les \u00e9checs permettent d\u2019apprendre<br \/>\nLes obstacles ouvrent des portes vers de nouvelles opportunit\u00e9s<br \/>\nLes revers sont des tremplins pour un retour en force<\/p>\n<p><strong>Changez votre fa\u00e7on de penser | Changez votre attitude | Changez votre vie.<\/strong>[\/vc_column_text][mk_padding_divider size=&#8221;50&#8243;][\/vc_column][\/vc_row][vc_row][vc_column][mk_padding_divider size=&#8221;50&#8243;][\/vc_column][\/vc_row]\n<\/div>","protected":false},"excerpt":{"rendered":"<p>[mk_page_section bg_image=&#8221;https:\/\/goodfitt.ca\/wp-content\/uploads\/2022\/01\/section-home.jpg&#8221; bg_position=&#8221;center center&#8221; bg_repeat=&#8221;no-repeat&#8221; bg_stretch=&#8221;true&#8221; enable_3d=&#8221;true&#8221; bg_gradient=&#8221;vertical&#8221; video_color_mask=&#8221;#fda631&#8243; gr_end=&#8221;#101010&#8243; video_opacity=&#8221;0.7&#8243; min_height=&#8221;658&#8243; js_vertical_centered=&#8221;true&#8221; padding_top=&#8221;50&#8243; padding_bottom=&#8221;50&#8243; margin_bottom=&#8221;60&#8243; sidebar=&#8221;sidebar-1&#8243;][vc_column][mk_fancy_title color=&#8221;#ffffff&#8221; size=&#8221;100&#8243; force_font_size=&#8221;true&#8221; size_phone=&#8221;60&#8243; line_height=&#8221;90&#8243; font_weight=&#8221;bold&#8221; txt_transform=&#8221;uppercase&#8221; margin_bottom=&#8221;0&#8243; font_family=&#8221;none&#8221; align=&#8221;center&#8221;]LE CHANGEMENT COMMENCE ET SE TERMINE AVEC VOUS[\/mk_fancy_title][mk_button dimension=&#8221;flat&#8221; corner_style=&#8221;full_rounded&#8221; size=&#8221;large&#8221; url=&#8221;#&#8221; align=&#8221;center&#8221; margin_right=&#8221;0&#8243; bg_color=&#8221;#fda631&#8243; btn_hover_bg=&#8221;#ffffff&#8221; btn_hover_txt_color=&#8221;#0a0a0a&#8221;]EN SAVOIR PLUS[\/mk_button][\/vc_column][\/mk_page_section][vc_row][vc_column][mk_fancy_title color=&#8221;#101010&#8243; size=&#8221;48&#8243; font_weight=&#8221;bold&#8221; txt_transform=&#8221;uppercase&#8221; margin_bottom=&#8221;0&#8243; font_family=&#8221;none&#8221; align=&#8221;center&#8221; responsive_align=&#8221;left&#8221;]Bienvenue chez Goodfitt [&hellip;]<\/p>\n","protected":false},"author":1,"featured_media":0,"parent":0,"menu_order":0,"comment_status":"closed","ping_status":"closed","template":"","meta":{"footnotes":""},"class_list":["post-811","page","type-page","status-publish","hentry"],"yoast_head":"<!-- This site is optimized with the Yoast SEO plugin v27.2 - https:\/\/yoast.com\/product\/yoast-seo-wordpress\/ -->\n<title>Accueil - GoodFITT<\/title>\n<meta name=\"robots\" content=\"index, follow, max-snippet:-1, max-image-preview:large, max-video-preview:-1\" \/>\n<link rel=\"canonical\" href=\"https:\/\/goodfitt.ca\/fr\/\" \/>\n<meta property=\"og:locale\" content=\"fr_FR\" \/>\n<meta property=\"og:type\" content=\"article\" \/>\n<meta property=\"og:title\" content=\"Accueil - GoodFITT\" \/>\n<meta property=\"og:description\" content=\"[mk_page_section bg_image=&#8221;https:\/\/goodfitt.ca\/wp-content\/uploads\/2022\/01\/section-home.jpg&#8221; bg_position=&#8221;center center&#8221; bg_repeat=&#8221;no-repeat&#8221; bg_stretch=&#8221;true&#8221; enable_3d=&#8221;true&#8221; bg_gradient=&#8221;vertical&#8221; video_color_mask=&#8221;#fda631&#8243; gr_end=&#8221;#101010&#8243; video_opacity=&#8221;0.7&#8243; min_height=&#8221;658&#8243; js_vertical_centered=&#8221;true&#8221; padding_top=&#8221;50&#8243; padding_bottom=&#8221;50&#8243; margin_bottom=&#8221;60&#8243; sidebar=&#8221;sidebar-1&#8243;][vc_column][mk_fancy_title color=&#8221;#ffffff&#8221; size=&#8221;100&#8243; force_font_size=&#8221;true&#8221; size_phone=&#8221;60&#8243; line_height=&#8221;90&#8243; font_weight=&#8221;bold&#8221; txt_transform=&#8221;uppercase&#8221; margin_bottom=&#8221;0&#8243; font_family=&#8221;none&#8221; align=&#8221;center&#8221;]LE CHANGEMENT COMMENCE ET SE TERMINE AVEC VOUS[\/mk_fancy_title][mk_button dimension=&#8221;flat&#8221; corner_style=&#8221;full_rounded&#8221; size=&#8221;large&#8221; url=&#8221;#&#8221; align=&#8221;center&#8221; margin_right=&#8221;0&#8243; bg_color=&#8221;#fda631&#8243; btn_hover_bg=&#8221;#ffffff&#8221; btn_hover_txt_color=&#8221;#0a0a0a&#8221;]EN SAVOIR PLUS[\/mk_button][\/vc_column][\/mk_page_section][vc_row][vc_column][mk_fancy_title color=&#8221;#101010&#8243; size=&#8221;48&#8243; font_weight=&#8221;bold&#8221; txt_transform=&#8221;uppercase&#8221; margin_bottom=&#8221;0&#8243; font_family=&#8221;none&#8221; align=&#8221;center&#8221; responsive_align=&#8221;left&#8221;]Bienvenue chez Goodfitt [&hellip;]\" \/>\n<meta property=\"og:url\" content=\"https:\/\/goodfitt.ca\/fr\/\" \/>\n<meta property=\"og:site_name\" content=\"GoodFITT\" \/>\n<meta property=\"article:modified_time\" content=\"2024-11-21T15:27:58+00:00\" \/>\n<meta name=\"twitter:card\" content=\"summary_large_image\" \/>\n<meta name=\"twitter:label1\" content=\"Est. reading time\" \/>\n\t<meta name=\"twitter:data1\" content=\"5 minutes\" \/>\n<script type=\"application\/ld+json\" class=\"yoast-schema-graph\">{\"@context\":\"https:\/\/schema.org\",\"@graph\":[{\"@type\":\"WebPage\",\"@id\":\"https:\/\/goodfitt.ca\/fr\/\",\"url\":\"https:\/\/goodfitt.ca\/fr\/\",\"name\":\"Accueil - GoodFITT\",\"isPartOf\":{\"@id\":\"https:\/\/goodfitt.ca\/fr\/#website\"},\"datePublished\":\"2019-10-01T19:50:07+00:00\",\"dateModified\":\"2024-11-21T15:27:58+00:00\",\"breadcrumb\":{\"@id\":\"https:\/\/goodfitt.ca\/fr\/#breadcrumb\"},\"inLanguage\":\"fr-FR\",\"potentialAction\":[{\"@type\":\"ReadAction\",\"target\":[\"https:\/\/goodfitt.ca\/fr\/\"]}]},{\"@type\":\"BreadcrumbList\",\"@id\":\"https:\/\/goodfitt.ca\/fr\/#breadcrumb\",\"itemListElement\":[{\"@type\":\"ListItem\",\"position\":1,\"name\":\"Home\",\"item\":\"https:\/\/goodfitt.ca\/fr\/\"},{\"@type\":\"ListItem\",\"position\":2,\"name\":\"Accueil\"}]},{\"@type\":\"WebSite\",\"@id\":\"https:\/\/goodfitt.ca\/fr\/#website\",\"url\":\"https:\/\/goodfitt.ca\/fr\/\",\"name\":\"GoodFITT\",\"description\":\"Personal Training &amp; Wellness Services\",\"potentialAction\":[{\"@type\":\"SearchAction\",\"target\":{\"@type\":\"EntryPoint\",\"urlTemplate\":\"https:\/\/goodfitt.ca\/fr\/?s={search_term_string}\"},\"query-input\":{\"@type\":\"PropertyValueSpecification\",\"valueRequired\":true,\"valueName\":\"search_term_string\"}}],\"inLanguage\":\"fr-FR\"}]}<\/script>\n<!-- \/ Yoast SEO plugin. -->","yoast_head_json":{"title":"Accueil - GoodFITT","robots":{"index":"index","follow":"follow","max-snippet":"max-snippet:-1","max-image-preview":"max-image-preview:large","max-video-preview":"max-video-preview:-1"},"canonical":"https:\/\/goodfitt.ca\/fr\/","og_locale":"fr_FR","og_type":"article","og_title":"Accueil - GoodFITT","og_description":"[mk_page_section bg_image=&#8221;https:\/\/goodfitt.ca\/wp-content\/uploads\/2022\/01\/section-home.jpg&#8221; bg_position=&#8221;center center&#8221; bg_repeat=&#8221;no-repeat&#8221; bg_stretch=&#8221;true&#8221; enable_3d=&#8221;true&#8221; bg_gradient=&#8221;vertical&#8221; video_color_mask=&#8221;#fda631&#8243; gr_end=&#8221;#101010&#8243; video_opacity=&#8221;0.7&#8243; min_height=&#8221;658&#8243; js_vertical_centered=&#8221;true&#8221; padding_top=&#8221;50&#8243; padding_bottom=&#8221;50&#8243; margin_bottom=&#8221;60&#8243; sidebar=&#8221;sidebar-1&#8243;][vc_column][mk_fancy_title color=&#8221;#ffffff&#8221; size=&#8221;100&#8243; force_font_size=&#8221;true&#8221; size_phone=&#8221;60&#8243; line_height=&#8221;90&#8243; font_weight=&#8221;bold&#8221; txt_transform=&#8221;uppercase&#8221; margin_bottom=&#8221;0&#8243; font_family=&#8221;none&#8221; align=&#8221;center&#8221;]LE CHANGEMENT COMMENCE ET SE TERMINE AVEC VOUS[\/mk_fancy_title][mk_button dimension=&#8221;flat&#8221; corner_style=&#8221;full_rounded&#8221; size=&#8221;large&#8221; url=&#8221;#&#8221; align=&#8221;center&#8221; margin_right=&#8221;0&#8243; bg_color=&#8221;#fda631&#8243; btn_hover_bg=&#8221;#ffffff&#8221; btn_hover_txt_color=&#8221;#0a0a0a&#8221;]EN SAVOIR PLUS[\/mk_button][\/vc_column][\/mk_page_section][vc_row][vc_column][mk_fancy_title color=&#8221;#101010&#8243; size=&#8221;48&#8243; font_weight=&#8221;bold&#8221; txt_transform=&#8221;uppercase&#8221; margin_bottom=&#8221;0&#8243; font_family=&#8221;none&#8221; align=&#8221;center&#8221; responsive_align=&#8221;left&#8221;]Bienvenue chez Goodfitt [&hellip;]","og_url":"https:\/\/goodfitt.ca\/fr\/","og_site_name":"GoodFITT","article_modified_time":"2024-11-21T15:27:58+00:00","twitter_card":"summary_large_image","twitter_misc":{"Est. reading time":"5 minutes"},"schema":{"@context":"https:\/\/schema.org","@graph":[{"@type":"WebPage","@id":"https:\/\/goodfitt.ca\/fr\/","url":"https:\/\/goodfitt.ca\/fr\/","name":"Accueil - GoodFITT","isPartOf":{"@id":"https:\/\/goodfitt.ca\/fr\/#website"},"datePublished":"2019-10-01T19:50:07+00:00","dateModified":"2024-11-21T15:27:58+00:00","breadcrumb":{"@id":"https:\/\/goodfitt.ca\/fr\/#breadcrumb"},"inLanguage":"fr-FR","potentialAction":[{"@type":"ReadAction","target":["https:\/\/goodfitt.ca\/fr\/"]}]},{"@type":"BreadcrumbList","@id":"https:\/\/goodfitt.ca\/fr\/#breadcrumb","itemListElement":[{"@type":"ListItem","position":1,"name":"Home","item":"https:\/\/goodfitt.ca\/fr\/"},{"@type":"ListItem","position":2,"name":"Accueil"}]},{"@type":"WebSite","@id":"https:\/\/goodfitt.ca\/fr\/#website","url":"https:\/\/goodfitt.ca\/fr\/","name":"GoodFITT","description":"Personal Training &amp; Wellness Services","potentialAction":[{"@type":"SearchAction","target":{"@type":"EntryPoint","urlTemplate":"https:\/\/goodfitt.ca\/fr\/?s={search_term_string}"},"query-input":{"@type":"PropertyValueSpecification","valueRequired":true,"valueName":"search_term_string"}}],"inLanguage":"fr-FR"}]}},"_links":{"self":[{"href":"https:\/\/goodfitt.ca\/fr\/wp-json\/wp\/v2\/pages\/811","targetHints":{"allow":["GET"]}}],"collection":[{"href":"https:\/\/goodfitt.ca\/fr\/wp-json\/wp\/v2\/pages"}],"about":[{"href":"https:\/\/goodfitt.ca\/fr\/wp-json\/wp\/v2\/types\/page"}],"author":[{"embeddable":true,"href":"https:\/\/goodfitt.ca\/fr\/wp-json\/wp\/v2\/users\/1"}],"replies":[{"embeddable":true,"href":"https:\/\/goodfitt.ca\/fr\/wp-json\/wp\/v2\/comments?post=811"}],"version-history":[{"count":4,"href":"https:\/\/goodfitt.ca\/fr\/wp-json\/wp\/v2\/pages\/811\/revisions"}],"predecessor-version":[{"id":815,"href":"https:\/\/goodfitt.ca\/fr\/wp-json\/wp\/v2\/pages\/811\/revisions\/815"}],"wp:attachment":[{"href":"https:\/\/goodfitt.ca\/fr\/wp-json\/wp\/v2\/media?parent=811"}],"curies":[{"name":"wp","href":"https:\/\/api.w.org\/{rel}","templated":true}]}}